{"id":2630,"date":"2024-05-15T09:27:19","date_gmt":"2024-05-15T07:27:19","guid":{"rendered":"https:\/\/nurzahnd.com\/iletisim\/"},"modified":"2025-02-11T15:35:17","modified_gmt":"2025-02-11T14:35:17","slug":"iletisim","status":"publish","type":"page","link":"https:\/\/nurzahnd.com\/tr\/iletisim\/","title":{"rendered":"\u0130leti\u015fim"},"content":{"rendered":"\t\t<div data-elementor-type=\"wp-page\" data-elementor-id=\"2630\" class=\"elementor elementor-2630 elementor-57\" data-elementor-post-type=\"page\">\n\t\t\t\t<div class=\"elementor-element elementor-element-122f9ed e-flex e-con-boxed e-con e-parent\" data-id=\"122f9ed\" data-element_type=\"container\">\n\t\t\t\t\t<div class=\"e-con-inner\">\n\t\t<div class=\"elementor-element elementor-element-9dc958a e-con-full e-flex e-con e-child\" data-id=\"9dc958a\" data-element_type=\"container\">\n\t\t<div class=\"elementor-element elementor-element-5895327 e-con-full e-flex e-con e-child\" data-id=\"5895327\" data-element_type=\"container\">\n\t\t\t\t<div class=\"elementor-element elementor-element-5673b04 animated-fast e-transform elementor-view-default elementor-invisible elementor-widget elementor-widget-icon\" data-id=\"5673b04\" data-element_type=\"widget\" data-settings=\"{&quot;_animation&quot;:&quot;zoomIn&quot;,&quot;_animation_delay&quot;:250,&quot;motion_fx_motion_fx_scrolling&quot;:&quot;yes&quot;,&quot;_transform_flipX_effect&quot;:&quot;transform&quot;,&quot;motion_fx_devices&quot;:[&quot;desktop&quot;,&quot;laptop&quot;,&quot;tablet&quot;,&quot;mobile&quot;]}\" data-widget_type=\"icon.default\">\n\t\t\t\t<div class=\"elementor-widget-container\">\n\t\t\t\t\t<div class=\"elementor-icon-wrapper\">\n\t\t\t<div class=\"elementor-icon\">\n\t\t\t<svg xmlns=\"http:\/\/www.w3.org\/2000\/svg\" id=\"Calque_1\" data-name=\"Calque 1\" viewBox=\"0 0 221.04 188.21\"><defs><style> .cls-1 { fill: #ff8c5e; } .cls-1, .cls-2, .cls-3, .cls-4, .cls-5, .cls-6 { stroke-width: 0px; } .cls-2 { fill: #f36c21; } .cls-3 { fill: #f2c436; } .cls-4 { fill: #fff; } .cls-5 { fill: #ffe0c7; } .cls-6 { fill: #05475c; } <\/style><\/defs><circle class=\"cls-4\" cx=\"100.42\" cy=\"93.5\" r=\"93.5\"><\/circle><path class=\"cls-5\" d=\"m164.84,148.64c0-.42-.09-.87.01-1.26.77-2.77,1.61-5.51,2.37-8.28,1.97-7.28,2.75-14.75,3.42-22.23.49-5.41,1.04-10.81,1.49-16.22.19-2.23.3-4.47.24-6.7-.03-1.12-.52-2.22-.82-3.33-1.3-4.7-3.84-8.71-7.08-12.82-.47.88-.81,1.45-1.09,2.05-1.48,3.27-2.98,6.51-5.35,9.3-3.06,3.61-6.88,6.19-10.96,8.42-.89.49-2.08.44-3.13.64-.46-1.45.51-1.88,1.07-2.45,4.05-4.1,6.95-8.92,9.07-14.25.11-.28.17-.59.36-1.3-.79.42-1.34.62-1.79.96-5.87,4.42-11.86,8.71-17.15,13.84-.11.11-.21.29-.34.33-.42.12-.85.18-1.28.27-.04-.49-.27-1.08-.08-1.46,2.05-4.15,4.17-8.26,6.25-12.39.35-.69.57-1.43.69-2.25-2.62,1.64-4.07,4.33-6.06,6.5-2.05,2.23-3.83,4.72-5.87,6.96-2,2.2-3.57,4.8-6.15,6.54,1.86-9.36,7.14-17.25,10.9-25.81-3.37,2.91-6.12,6.31-8.74,9.79-2.57,3.42-4.87,7.04-7.44,10.81-.84-1.31-.5-2.41-.23-3.41,1.22-4.54,2.51-9.07,3.78-13.6.19-.66.42-1.31.5-2.02-5.75,5.93-9.4,13.17-12.93,20.33-1.16.08-1.66-.33-1.59-1.23.06-.79.17-1.59.35-2.37,1.19-5.05,2.4-10.09,3.61-15.14.09-.37.18-.73-.12-1.36-.54.7-1.12,1.37-1.62,2.09-5.05,7.36-8.69,15.41-12.09,23.62-2.34,5.66-3.78,11.53-4.68,17.52-1.41,9.32.01,18.24,4.17,26.79,3.71,7.62,8.94,13.89,15.31,19.39,3.29,2.84,7.01,4.74,11.01,6.13,1.69.58,3.58.78,5.38.78,3.11,0,6.23-.12,9.31-.51,5.2-.65,9.82-2.72,13.63-6.41,3.15-3.06,6.37-6.06,9.43-9.2l4.23-7.05Z\"><\/path><path class=\"cls-5\" d=\"m177.69,141.96c1.14-.37,2.31-.65,3.42-1.1,8.29-3.33,12.89-9.64,14.52-18.24.86-4.53-2.54-7.56-6.29-8.53-1.44-.37-2.54.56-3.66,1.39-3,2.22-4.6,5.41-6.32,8.57l-19.36,31.94,17.69-14.04Z\"><\/path><path class=\"cls-2\" d=\"m21.83,174.67c-.38-.25-.74-.54-1.14-.75-4.68-2.58-9.44-5.04-14.02-7.78-2.02-1.21-3.7-2.99-5.5-4.56-.41-.36-.74-.86-.96-1.36-.17-.4-.31-1.08-.1-1.3.31-.34,1.01-.62,1.42-.51,1.61.44,3.17,1.09,4.77,1.59,2.51.8,5.02,1.6,7.56,2.28,1.04.28,2.15.25,3.73.41-.64-.82-.91-1.28-1.28-1.63-5.17-4.9-9.99-10.12-14.21-15.88-.52-.71-1.12-1.41-1.42-2.21-.22-.58-.18-1.43.11-1.94.16-.28,1.21-.33,1.67-.11,2.72,1.32,5.43,2.69,8.06,4.18,2.78,1.58,5.42,3.39,8.19,4.98,1.48.85,3.12,1.43,4.96,1.78-.28-.41-.51-.84-.83-1.21-4.2-4.81-8.44-9.6-12.62-14.43-1.59-1.83-2.71-3.94-3.26-6.33-.43-1.87.65-3.02,2.51-2.4,1.95.66,3.91,1.46,5.65,2.55,4.86,3.06,9.49,6.49,14.42,9.43,6.09,3.65,12.36,7,18.62,10.37,1.31.7,2.85,1.08,4.32,1.33,2.14.36,3.02-.47,2.9-2.64-.07-1.26-.37-2.52-.65-3.76-.53-2.34-1.16-4.65-1.65-6.99-.18-.84-.21-1.76-.07-2.61.42-2.54,2.4-3.29,4.32-1.6,1.25,1.1,2.4,2.33,3.44,3.63,3.28,4.1,6.45,8.3,9.74,12.4,3.64,4.54,7.5,8.91,11.02,13.54,1.72,2.26,3.01,4.88,4.26,7.45.81,1.67.42,3.49-.49,5.07-1.93,3.31-4.43,6.03-8.08,7.53-3.99,1.65-7.92,3.5-12.27,3.94-4.68.48-9.38,1.02-14.08,1.06-6.34.06-12.5-1.5-18.68-2.78-5.74-1.19-11.24-3.08-16.47-5.73-1.49-.76-2.9-1.68-4.33-2.57-.47-.29-.95-.64-1.26-1.08-.24-.35-.42-.95-.27-1.3.14-.32.73-.63,1.12-.63.78,0,1.57.21,2.35.35,2.04.35,4.07.77,6.12,1.04.73.1,1.51-.14,2.27-.23.04-.2.08-.4.12-.6Z\"><\/path><path class=\"cls-6\" d=\"m154.51,135.26c1.34,1.37.8,2.71.19,4.02-1.84,3.94-4.32,7.45-7.23,10.66-3.71,4.1-7.69,7.92-12.37,10.89-2.33,1.48-4.96,2.52-7.52,3.6-1.57.66-3.11.33-4.48-.95.33-1.12.71-2.11,2.02-2.36,6.95-1.36,12.03-5.66,16.72-10.58,1.25-1.32,2.43-2.71,3.96-4.42-.95.05-1.47-.03-1.92.11-4.56,1.37-9.21,1.97-13.96,1.76-1.18-.05-2.39-.25-3.51-.62-1.05-.34-1.21-1.47-.28-2.02,1-.59,2.18-.97,3.33-1.18,2.67-.47,5.35-.93,8.05-1.13,4.72-.34,8.71-2.44,12.59-4.87,1.48-.93,2.91-1.92,4.42-2.91Z\"><\/path><g><path class=\"cls-6\" d=\"m43.59,121.39l3.21-.67c-.05-.25-5.01-25.02,7.28-34.99l-2.06-2.54c-13.84,11.22-8.65,37.1-8.42,38.2Z\"><\/path><path class=\"cls-6\" d=\"m43.56,96.31l3.27-.15c-.49-10.62-12.96-17.79-13.49-18.09l-1.61,2.85c.11.07,11.43,6.59,11.84,15.4Z\"><\/path><polygon class=\"cls-6\" points=\"43.56 98.51 46.82 98.41 45.74 75.81 42.47 75.91 43.56 98.51\"><\/polygon><path class=\"cls-5\" d=\"m43.88,75.53s-22.54-8.2-15.91-19.1c4.02-6.6,12.32,2.67,12.32,2.67,0,0,1.33-8.26,6.7-7.43,4.16.65,13.12,8.92-3.1,23.85\"><\/path><path class=\"cls-2\" d=\"m43.1,75.81s-8.97-22.25,3.56-24.6c7.59-1.42,6.25,10.94,6.25,10.94,0,0,7.03-4.53,10,.01,2.3,3.53,2.13,15.72-19.81,13.64\"><\/path><path class=\"cls-1\" d=\"m60.28,75.63c-6.43,2.44-9.81,9.23-9.81,9.23,0,0,7.04,2.84,13.46.41,6.43-2.44,9.81-9.23,9.81-9.23,0,0-7.04-2.84-13.46-.41Z\"><\/path><path class=\"cls-3\" d=\"m21.13,79.85c6.95,4.34,15.83,2.65,15.83,2.65,0,0-2.38-8.72-9.32-13.06-6.95-4.34-15.83-2.65-15.83-2.65,0,0,2.38,8.72,9.32,13.06Z\"><\/path><\/g><path class=\"cls-6\" d=\"m166.07,152.6c.96.74.76,1.5.36,2.23-.77,1.4-1.41,2.9-2.4,4.13-4.26,5.28-9.4,9.6-15.34,12.83-2.21,1.2-4.74,1.89-7.2,2.52-3.09.8-6.24,1.35-9.39,1.92-2.66.48-5.24-.21-7.82-.79-8.37-1.89-15.28-6.42-21.48-12.08-4.41-4.03-7.69-8.99-10.12-14.43-2.08-4.66-3.89-9.41-4.65-14.55-.78-5.3-.48-10.52.36-15.73.42-2.59,1.18-5.12,1.66-7.71.34-1.87.63-3.78.64-5.68.02-5.03.39-10.06.5-15.08.14-6.04,1.69-11.66,3.27-17.35.99-3.57,2.65-6.85,4.45-10.05,2.6-4.61,5.42-9.13,9.19-12.83,6.63-6.52,13.94-12.17,22.49-16.09,3.8-1.74,7.66-2.6,11.83-2.37,1.72.1,3.48-.36,5.21-.29,1.9.08,3.83.29,5.67.76,3.24.83,6.49,1.75,9.62,2.92,3.43,1.28,6.97,2.21,10.4,3.49,3.44,1.28,6.94,2.41,10.38,3.68,7.36,2.72,13.94,6.74,19.71,12.05,2,1.84,3.91,3.77,5.75,5.76,6.83,7.41,9.88,16.47,11.21,26.23.42,3.08.51,6.21.65,9.32.48,11.16-3.13,21.04-9.58,29.99-.59.83-1.34,1.54-2.04,2.35-1.69-.92-.72-2.21-.72-3.26,0-1.18.16-2.35.29-4-.66.65-1.04.96-1.35,1.33-2.15,2.57-4.03,5.44-6.5,7.66-2.16,1.94-3.81,4.14-5.54,6.39-2.08,2.7-4.45,5.29-7.11,7.4-2.86,2.27-6.42,3.14-10.16,2.85-1.04-.08-1.61-.55-1.71-1.61-.11-1.08-.19-2.13,1.13-2.56,1.14-.37,2.31-.65,3.42-1.1,8.29-3.33,12.89-9.64,14.52-18.24.86-4.53-2.54-7.56-6.29-8.53-1.44-.37-2.54.56-3.66,1.39-3,2.22-4.6,5.41-6.32,8.57-4.28,7.84-8.66,15.63-13.02,23.43-.28.49-.73.89-1.49,1.15,0-.42-.09-.87.01-1.26.77-2.77,1.61-5.51,2.37-8.28,1.97-7.28,2.75-14.75,3.42-22.23.49-5.41,1.04-10.81,1.49-16.22.19-2.23.3-4.47.24-6.7-.03-1.12-.52-2.22-.82-3.33-1.3-4.7-3.84-8.71-7.08-12.82-.47.88-.81,1.45-1.09,2.05-1.48,3.27-2.98,6.51-5.35,9.3-3.06,3.61-6.88,6.19-10.96,8.42-.89.49-2.08.44-3.13.64-.46-1.45.51-1.88,1.07-2.45,4.05-4.1,6.95-8.92,9.07-14.25.11-.28.17-.59.36-1.3-.79.42-1.34.62-1.79.96-5.87,4.42-11.86,8.71-17.15,13.84-.11.11-.21.29-.34.33-.42.12-.85.18-1.28.27-.04-.49-.27-1.08-.08-1.46,2.05-4.15,4.17-8.26,6.25-12.39.35-.69.57-1.43.69-2.25-2.62,1.64-4.07,4.33-6.06,6.5-2.05,2.23-3.83,4.72-5.87,6.96-2,2.2-3.57,4.8-6.15,6.54,1.86-9.36,7.14-17.25,10.9-25.81-3.37,2.91-6.12,6.31-8.74,9.79-2.57,3.42-4.87,7.04-7.44,10.81-.84-1.31-.5-2.41-.23-3.41,1.22-4.54,2.51-9.07,3.78-13.6.19-.66.42-1.31.5-2.02-5.75,5.93-9.4,13.17-12.93,20.33-1.16.08-1.66-.33-1.59-1.23.06-.79.17-1.59.35-2.37,1.19-5.05,2.4-10.09,3.61-15.14.09-.37.18-.73-.12-1.36-.54.7-1.12,1.37-1.62,2.09-5.05,7.36-8.69,15.41-12.09,23.62-2.34,5.66-3.78,11.53-4.68,17.52-1.41,9.32.01,18.24,4.17,26.79,3.71,7.62,8.94,13.89,15.31,19.39,3.29,2.84,7.01,4.74,11.01,6.13,1.69.58,3.58.78,5.38.78,3.11,0,6.23-.12,9.31-.51,5.2-.65,9.82-2.72,13.63-6.41,3.15-3.06,6.37-6.06,9.43-9.2,1.58-1.63,3.58-2.24,5.45-3.09Z\"><\/path><\/svg>\t\t\t<\/div>\n\t\t<\/div>\n\t\t\t\t<\/div>\n\t\t\t\t<\/div>\n\t\t\t\t<div class=\"elementor-element elementor-element-e221124 elementor-widget elementor-widget-heading\" data-id=\"e221124\" data-element_type=\"widget\" data-widget_type=\"heading.default\">\n\t\t\t\t<div class=\"elementor-widget-container\">\n\t\t\t<h1 class=\"elementor-heading-title elementor-size-default\">Bana ula\u015f\u0131n<\/h1>\t\t<\/div>\n\t\t\t\t<\/div>\n\t\t\t\t<div class=\"elementor-element elementor-element-a9a2930 elementor-widget elementor-widget-text-editor\" data-id=\"a9a2930\" data-element_type=\"widget\" data-widget_type=\"text-editor.default\">\n\t\t\t\t<div class=\"elementor-widget-container\">\n\t\t\t\t\t\t\t<p>&#8220;Potansiyelinizi ger\u00e7ekle\u015ftirin, hayallerinizi ger\u00e7e\u011fe d\u00f6n\u00fc\u015ft\u00fcr\u00fcn!&#8221;<\/p>\n\t\t\t\t\t\t<\/div>\n\t\t\t\t<\/div>\n\t\t\t\t<div class=\"elementor-element elementor-element-98700bb elementor-icon-list--layout-traditional elementor-list-item-link-full_width elementor-widget elementor-widget-icon-list\" data-id=\"98700bb\" data-element_type=\"widget\" data-widget_type=\"icon-list.default\">\n\t\t\t\t<div class=\"elementor-widget-container\">\n\t\t\t\t\t<ul class=\"elementor-icon-list-items\">\n\t\t\t\t\t\t\t<li class=\"elementor-icon-list-item\">\n\t\t\t\t\t\t\t\t\t\t\t<a href=\"tel:+33622446929\">\n\n\t\t\t\t\t\t\t\t\t\t\t\t<span class=\"elementor-icon-list-icon\">\n\t\t\t\t\t\t\t<svg aria-hidden=\"true\" class=\"e-font-icon-svg e-fas-mobile-alt\" viewBox=\"0 0 320 512\" xmlns=\"http:\/\/www.w3.org\/2000\/svg\"><path d=\"M272 0H48C21.5 0 0 21.5 0 48v416c0 26.5 21.5 48 48 48h224c26.5 0 48-21.5 48-48V48c0-26.5-21.5-48-48-48zM160 480c-17.7 0-32-14.3-32-32s14.3-32 32-32 32 14.3 32 32-14.3 32-32 32zm112-108c0 6.6-5.4 12-12 12H60c-6.6 0-12-5.4-12-12V60c0-6.6 5.4-12 12-12h200c6.6 0 12 5.4 12 12v312z\"><\/path><\/svg>\t\t\t\t\t\t<\/span>\n\t\t\t\t\t\t\t\t\t\t<span class=\"elementor-icon-list-text\">+33 622 44 6929<\/span>\n\t\t\t\t\t\t\t\t\t\t\t<\/a>\n\t\t\t\t\t\t\t\t\t<\/li>\n\t\t\t\t\t\t\t\t<li class=\"elementor-icon-list-item\">\n\t\t\t\t\t\t\t\t\t\t\t<span class=\"elementor-icon-list-icon\">\n\t\t\t\t\t\t\t<svg aria-hidden=\"true\" class=\"e-font-icon-svg e-far-envelope\" viewBox=\"0 0 512 512\" xmlns=\"http:\/\/www.w3.org\/2000\/svg\"><path d=\"M464 64H48C21.49 64 0 85.49 0 112v288c0 26.51 21.49 48 48 48h416c26.51 0 48-21.49 48-48V112c0-26.51-21.49-48-48-48zm0 48v40.805c-22.422 18.259-58.168 46.651-134.587 106.49-16.841 13.247-50.201 45.072-73.413 44.701-23.208.375-56.579-31.459-73.413-44.701C106.18 199.465 70.425 171.067 48 152.805V112h416zM48 400V214.398c22.914 18.251 55.409 43.862 104.938 82.646 21.857 17.205 60.134 55.186 103.062 54.955 42.717.231 80.509-37.199 103.053-54.947 49.528-38.783 82.032-64.401 104.947-82.653V400H48z\"><\/path><\/svg>\t\t\t\t\t\t<\/span>\n\t\t\t\t\t\t\t\t\t\t<span class=\"elementor-icon-list-text\">info@nurzahnd.com<\/span>\n\t\t\t\t\t\t\t\t\t<\/li>\n\t\t\t\t\t\t\t\t<li class=\"elementor-icon-list-item\">\n\t\t\t\t\t\t\t\t\t\t\t<span class=\"elementor-icon-list-icon\">\n\t\t\t\t\t\t\t<svg aria-hidden=\"true\" class=\"e-font-icon-svg e-fas-location-arrow\" viewBox=\"0 0 512 512\" xmlns=\"http:\/\/www.w3.org\/2000\/svg\"><path d=\"M444.52 3.52L28.74 195.42c-47.97 22.39-31.98 92.75 19.19 92.75h175.91v175.91c0 51.17 70.36 67.17 92.75 19.19l191.9-415.78c15.99-38.39-25.59-79.97-63.97-63.97z\"><\/path><\/svg>\t\t\t\t\t\t<\/span>\n\t\t\t\t\t\t\t\t\t\t<span class=\"elementor-icon-list-text\">32 rue du Pont Neuf, 74150 Rummily - Fransa<\/span>\n\t\t\t\t\t\t\t\t\t<\/li>\n\t\t\t\t\t\t\t\t<li class=\"elementor-icon-list-item\">\n\t\t\t\t\t\t\t\t\t\t\t<span class=\"elementor-icon-list-icon\">\n\t\t\t\t\t\t\t<svg aria-hidden=\"true\" class=\"e-font-icon-svg e-fas-video\" viewBox=\"0 0 576 512\" xmlns=\"http:\/\/www.w3.org\/2000\/svg\"><path d=\"M336.2 64H47.8C21.4 64 0 85.4 0 111.8v288.4C0 426.6 21.4 448 47.8 448h288.4c26.4 0 47.8-21.4 47.8-47.8V111.8c0-26.4-21.4-47.8-47.8-47.8zm189.4 37.7L416 177.3v157.4l109.6 75.5c21.2 14.6 50.4-.3 50.4-25.8V127.5c0-25.4-29.1-40.4-50.4-25.8z\"><\/path><\/svg>\t\t\t\t\t\t<\/span>\n\t\t\t\t\t\t\t\t\t\t<span class=\"elementor-icon-list-text\">Oturumlar, y\u00fcz y\u00fcze oturumlarla ayn\u0131 avantajlara sahip video arac\u0131l\u0131\u011f\u0131yla da ger\u00e7ekle\u015ftirilebilir<\/span>\n\t\t\t\t\t\t\t\t\t<\/li>\n\t\t\t\t\t\t<\/ul>\n\t\t\t\t<\/div>\n\t\t\t\t<\/div>\n\t\t\t\t<div class=\"elementor-element elementor-element-277bcf4 e-grid-align-left elementor-shape-rounded elementor-grid-0 elementor-widget elementor-widget-social-icons\" data-id=\"277bcf4\" data-element_type=\"widget\" data-widget_type=\"social-icons.default\">\n\t\t\t\t<div class=\"elementor-widget-container\">\n\t\t\t\t\t<div class=\"elementor-social-icons-wrapper elementor-grid\">\n\t\t\t\t\t\t\t<span class=\"elementor-grid-item\">\n\t\t\t\t\t<a class=\"elementor-icon elementor-social-icon elementor-social-icon-facebook elementor-repeater-item-e3336e3\" href=\"https:\/\/www.facebook.com\/nurzahnd\" target=\"_blank\">\n\t\t\t\t\t\t<span class=\"elementor-screen-only\">Facebook<\/span>\n\t\t\t\t\t\t<svg class=\"e-font-icon-svg e-fab-facebook\" viewBox=\"0 0 512 512\" xmlns=\"http:\/\/www.w3.org\/2000\/svg\"><path d=\"M504 256C504 119 393 8 256 8S8 119 8 256c0 123.78 90.69 226.38 209.25 245V327.69h-63V256h63v-54.64c0-62.15 37-96.48 93.67-96.48 27.14 0 55.52 4.84 55.52 4.84v61h-31.28c-30.8 0-40.41 19.12-40.41 38.73V256h68.78l-11 71.69h-57.78V501C413.31 482.38 504 379.78 504 256z\"><\/path><\/svg>\t\t\t\t\t<\/a>\n\t\t\t\t<\/span>\n\t\t\t\t\t\t\t<span class=\"elementor-grid-item\">\n\t\t\t\t\t<a class=\"elementor-icon elementor-social-icon elementor-social-icon-instagram elementor-repeater-item-d2a0d52\" href=\"https:\/\/www.instagram.com\/nurzahnd\/\" target=\"_blank\">\n\t\t\t\t\t\t<span class=\"elementor-screen-only\">Instagram<\/span>\n\t\t\t\t\t\t<svg class=\"e-font-icon-svg e-fab-instagram\" viewBox=\"0 0 448 512\" xmlns=\"http:\/\/www.w3.org\/2000\/svg\"><path d=\"M224.1 141c-63.6 0-114.9 51.3-114.9 114.9s51.3 114.9 114.9 114.9S339 319.5 339 255.9 287.7 141 224.1 141zm0 189.6c-41.1 0-74.7-33.5-74.7-74.7s33.5-74.7 74.7-74.7 74.7 33.5 74.7 74.7-33.6 74.7-74.7 74.7zm146.4-194.3c0 14.9-12 26.8-26.8 26.8-14.9 0-26.8-12-26.8-26.8s12-26.8 26.8-26.8 26.8 12 26.8 26.8zm76.1 27.2c-1.7-35.9-9.9-67.7-36.2-93.9-26.2-26.2-58-34.4-93.9-36.2-37-2.1-147.9-2.1-184.9 0-35.8 1.7-67.6 9.9-93.9 36.1s-34.4 58-36.2 93.9c-2.1 37-2.1 147.9 0 184.9 1.7 35.9 9.9 67.7 36.2 93.9s58 34.4 93.9 36.2c37 2.1 147.9 2.1 184.9 0 35.9-1.7 67.7-9.9 93.9-36.2 26.2-26.2 34.4-58 36.2-93.9 2.1-37 2.1-147.8 0-184.8zM398.8 388c-7.8 19.6-22.9 34.7-42.6 42.6-29.5 11.7-99.5 9-132.1 9s-102.7 2.6-132.1-9c-19.6-7.8-34.7-22.9-42.6-42.6-11.7-29.5-9-99.5-9-132.1s-2.6-102.7 9-132.1c7.8-19.6 22.9-34.7 42.6-42.6 29.5-11.7 99.5-9 132.1-9s102.7-2.6 132.1 9c19.6 7.8 34.7 22.9 42.6 42.6 11.7 29.5 9 99.5 9 132.1s2.7 102.7-9 132.1z\"><\/path><\/svg>\t\t\t\t\t<\/a>\n\t\t\t\t<\/span>\n\t\t\t\t\t\t\t<span class=\"elementor-grid-item\">\n\t\t\t\t\t<a class=\"elementor-icon elementor-social-icon elementor-social-icon-youtube elementor-repeater-item-b2e3e7d\" href=\"https:\/\/www.youtube.com\/@nurzahnd\" target=\"_blank\">\n\t\t\t\t\t\t<span class=\"elementor-screen-only\">Youtube<\/span>\n\t\t\t\t\t\t<svg class=\"e-font-icon-svg e-fab-youtube\" viewBox=\"0 0 576 512\" xmlns=\"http:\/\/www.w3.org\/2000\/svg\"><path d=\"M549.655 124.083c-6.281-23.65-24.787-42.276-48.284-48.597C458.781 64 288 64 288 64S117.22 64 74.629 75.486c-23.497 6.322-42.003 24.947-48.284 48.597-11.412 42.867-11.412 132.305-11.412 132.305s0 89.438 11.412 132.305c6.281 23.65 24.787 41.5 48.284 47.821C117.22 448 288 448 288 448s170.78 0 213.371-11.486c23.497-6.321 42.003-24.171 48.284-47.821 11.412-42.867 11.412-132.305 11.412-132.305s0-89.438-11.412-132.305zm-317.51 213.508V175.185l142.739 81.205-142.739 81.201z\"><\/path><\/svg>\t\t\t\t\t<\/a>\n\t\t\t\t<\/span>\n\t\t\t\t\t\t\t<span class=\"elementor-grid-item\">\n\t\t\t\t\t<a class=\"elementor-icon elementor-social-icon elementor-social-icon-linkedin elementor-repeater-item-3cdffc9\" href=\"https:\/\/www.linkedin.com\/in\/nur-ibaoglu-zahnd-50a442\/\" target=\"_blank\">\n\t\t\t\t\t\t<span class=\"elementor-screen-only\">Linkedin<\/span>\n\t\t\t\t\t\t<svg class=\"e-font-icon-svg e-fab-linkedin\" viewBox=\"0 0 448 512\" xmlns=\"http:\/\/www.w3.org\/2000\/svg\"><path d=\"M416 32H31.9C14.3 32 0 46.5 0 64.3v383.4C0 465.5 14.3 480 31.9 480H416c17.6 0 32-14.5 32-32.3V64.3c0-17.8-14.4-32.3-32-32.3zM135.4 416H69V202.2h66.5V416zm-33.2-243c-21.3 0-38.5-17.3-38.5-38.5S80.9 96 102.2 96c21.2 0 38.5 17.3 38.5 38.5 0 21.3-17.2 38.5-38.5 38.5zm282.1 243h-66.4V312c0-24.8-.5-56.7-34.5-56.7-34.6 0-39.9 27-39.9 54.9V416h-66.4V202.2h63.7v29.2h.9c8.9-16.8 30.6-34.5 62.9-34.5 67.2 0 79.7 44.3 79.7 101.9V416z\"><\/path><\/svg>\t\t\t\t\t<\/a>\n\t\t\t\t<\/span>\n\t\t\t\t\t<\/div>\n\t\t\t\t<\/div>\n\t\t\t\t<\/div>\n\t\t\t\t<\/div>\n\t\t<div class=\"elementor-element elementor-element-8d2b858 e-con-full e-flex e-con e-child\" data-id=\"8d2b858\" data-element_type=\"container\">\n\t\t\t\t<div class=\"elementor-element elementor-element-505d17f elementor-button-align-start elementor-widget elementor-widget-form\" data-id=\"505d17f\" data-element_type=\"widget\" data-settings=\"{&quot;step_next_label&quot;:&quot;Sonraki&quot;,&quot;step_previous_label&quot;:&quot;\\u00d6nceki&quot;,&quot;button_width&quot;:&quot;100&quot;,&quot;step_type&quot;:&quot;number_text&quot;,&quot;step_icon_shape&quot;:&quot;circle&quot;}\" data-widget_type=\"form.default\">\n\t\t\t\t<div class=\"elementor-widget-container\">\n\t\t\t\t\t<form class=\"elementor-form\" method=\"post\" name=\"\u0130leti\u015fim formu\">\n\t\t\t<input type=\"hidden\" name=\"post_id\" value=\"2630\"\/>\n\t\t\t<input type=\"hidden\" name=\"form_id\" value=\"505d17f\"\/>\n\t\t\t<input type=\"hidden\" name=\"referer_title\" value=\"\" \/>\n\n\t\t\t\n\t\t\t<div class=\"elementor-form-fields-wrapper elementor-labels-above\">\n\t\t\t\t\t\t\t\t<div class=\"elementor-field-type-text elementor-field-group elementor-column elementor-field-group-field_6240e1c elementor-col-100\">\n\t\t\t\t\t\t\t\t\t\t\t\t<label for=\"form-field-field_6240e1c\" class=\"elementor-field-label\">\n\t\t\t\t\t\t\t\t\u0130lk isim\t\t\t\t\t\t\t<\/label>\n\t\t\t\t\t\t\t\t\t\t\t\t\t\t<input size=\"1\" type=\"text\" name=\"form_fields[field_6240e1c]\" id=\"form-field-field_6240e1c\" class=\"elementor-field elementor-size-sm  elementor-field-textual\">\n\t\t\t\t\t\t\t\t\t\t\t<\/div>\n\t\t\t\t\t\t\t\t<div class=\"elementor-field-type-text elementor-field-group elementor-column elementor-field-group-name elementor-col-100\">\n\t\t\t\t\t\t\t\t\t\t\t\t<label for=\"form-field-name\" class=\"elementor-field-label\">\n\t\t\t\t\t\t\t\t\u0130sim\t\t\t\t\t\t\t<\/label>\n\t\t\t\t\t\t\t\t\t\t\t\t\t\t<input size=\"1\" type=\"text\" name=\"form_fields[name]\" id=\"form-field-name\" class=\"elementor-field elementor-size-sm  elementor-field-textual\">\n\t\t\t\t\t\t\t\t\t\t\t<\/div>\n\t\t\t\t\t\t\t\t<div class=\"elementor-field-type-email elementor-field-group elementor-column elementor-field-group-email elementor-col-100 elementor-field-required\">\n\t\t\t\t\t\t\t\t\t\t\t\t<label for=\"form-field-email\" class=\"elementor-field-label\">\n\t\t\t\t\t\t\t\tE-posta\t\t\t\t\t\t\t<\/label>\n\t\t\t\t\t\t\t\t\t\t\t\t\t\t<input size=\"1\" type=\"email\" name=\"form_fields[email]\" id=\"form-field-email\" class=\"elementor-field elementor-size-sm  elementor-field-textual\" required=\"required\" aria-required=\"true\">\n\t\t\t\t\t\t\t\t\t\t\t<\/div>\n\t\t\t\t\t\t\t\t<div class=\"elementor-field-type-tel elementor-field-group elementor-column elementor-field-group-field_7ff523d elementor-col-100\">\n\t\t\t\t\t\t\t\t\t\t\t\t<label for=\"form-field-field_7ff523d\" class=\"elementor-field-label\">\n\t\t\t\t\t\t\t\tTelefon\t\t\t\t\t\t\t<\/label>\n\t\t\t\t\t\t\t\t<input size=\"1\" type=\"tel\" name=\"form_fields[field_7ff523d]\" id=\"form-field-field_7ff523d\" class=\"elementor-field elementor-size-sm  elementor-field-textual\" pattern=\"[0-9()#&amp;+*-=.]+\" title=\"Only numbers and phone characters (#, -, *, etc) are accepted.\">\n\n\t\t\t\t\t\t<\/div>\n\t\t\t\t\t\t\t\t<div class=\"elementor-field-type-textarea elementor-field-group elementor-column elementor-field-group-message elementor-col-100\">\n\t\t\t\t\t\t\t\t\t\t\t\t<label for=\"form-field-message\" class=\"elementor-field-label\">\n\t\t\t\t\t\t\t\tMesaj\t\t\t\t\t\t\t<\/label>\n\t\t\t\t\t\t<textarea class=\"elementor-field-textual elementor-field  elementor-size-sm\" name=\"form_fields[message]\" id=\"form-field-message\" rows=\"4\"><\/textarea>\t\t\t\t<\/div>\n\t\t\t\t\t\t\t\t<div class=\"elementor-field-type-recaptcha_v3 elementor-field-group elementor-column elementor-field-group-field_948936c elementor-col-100 recaptcha_v3-bottomright\">\n\t\t\t\t\t<div class=\"elementor-field\" id=\"form-field-field_948936c\"><div class=\"elementor-g-recaptcha\" data-sitekey=\"6Lcs79MqAAAAAHu4TBjBKJFgwbdqvqpxRW7Hqxqd\" data-type=\"v3\" data-action=\"Form\" data-badge=\"bottomright\" data-size=\"invisible\"><\/div><\/div>\t\t\t\t<\/div>\n\t\t\t\t\t\t\t\t<div class=\"elementor-field-group elementor-column elementor-field-type-submit elementor-col-100 e-form__buttons\">\n\t\t\t\t\t<button class=\"elementor-button elementor-size-sm\" type=\"submit\">\n\t\t\t\t\t\t<span class=\"elementor-button-content-wrapper\">\n\t\t\t\t\t\t\t\t\t\t\t\t\t\t\t\t\t\t\t\t\t\t<span class=\"elementor-button-text\">G\u00f6nder<\/span>\n\t\t\t\t\t\t\t\t\t\t\t\t\t<\/span>\n\t\t\t\t\t<\/button>\n\t\t\t\t<\/div>\n\t\t\t<\/div>\n\t\t<\/form>\n\t\t\t\t<\/div>\n\t\t\t\t<\/div>\n\t\t\t\t<\/div>\n\t\t\t\t<\/div>\n\t\t\t\t\t<\/div>\n\t\t\t\t<\/div>\n\t\t\t\t<\/div>\n\t\t","protected":false},"excerpt":{"rendered":"<p>Bana ula\u015f\u0131n &#8220;Potansiyelinizi ger\u00e7ekle\u015ftirin, hayallerinizi ger\u00e7e\u011fe d\u00f6n\u00fc\u015ft\u00fcr\u00fcn!&#8221; +33 622 44 6929 info@nurzahnd.com 32 rue du Pont Neuf, 74150 Rummily &#8211; Fransa Oturumlar, y\u00fcz y\u00fcze oturumlarla ayn\u0131 avantajlara sahip video arac\u0131l\u0131\u011f\u0131yla da ger\u00e7ekle\u015ftirilebilir Facebook Instagram Youtube Linkedin<\/p>\n","protected":false},"author":1,"featured_media":0,"parent":0,"menu_order":0,"comment_status":"closed","ping_status":"closed","template":"","meta":{"_acf_changed":false,"footnotes":""},"class_list":["post-2630","page","type-page","status-publish","hentry"],"acf":[],"_links":{"self":[{"href":"https:\/\/nurzahnd.com\/tr\/wp-json\/wp\/v2\/pages\/2630","targetHints":{"allow":["GET"]}}],"collection":[{"href":"https:\/\/nurzahnd.com\/tr\/wp-json\/wp\/v2\/pages"}],"about":[{"href":"https:\/\/nurzahnd.com\/tr\/wp-json\/wp\/v2\/types\/page"}],"author":[{"embeddable":true,"href":"https:\/\/nurzahnd.com\/tr\/wp-json\/wp\/v2\/users\/1"}],"replies":[{"embeddable":true,"href":"https:\/\/nurzahnd.com\/tr\/wp-json\/wp\/v2\/comments?post=2630"}],"version-history":[{"count":3,"href":"https:\/\/nurzahnd.com\/tr\/wp-json\/wp\/v2\/pages\/2630\/revisions"}],"predecessor-version":[{"id":2869,"href":"https:\/\/nurzahnd.com\/tr\/wp-json\/wp\/v2\/pages\/2630\/revisions\/2869"}],"wp:attachment":[{"href":"https:\/\/nurzahnd.com\/tr\/wp-json\/wp\/v2\/media?parent=2630"}],"curies":[{"name":"wp","href":"https:\/\/api.w.org\/{rel}","templated":true}]}}